{"id":13430,"date":"2022-02-09T17:48:34","date_gmt":"2022-02-09T16:48:34","guid":{"rendered":"https:\/\/maitebrocha.com\/wp\/?post_type=product&#038;p=13430"},"modified":"2022-02-11T11:56:08","modified_gmt":"2022-02-11T10:56:08","slug":"1","status":"publish","type":"product","link":"https:\/\/maitebrocha.com\/wp\/product\/1\/","title":{"rendered":"#01"},"content":{"rendered":"<p>Le papier pr\u00e9f\u00e9r\u00e9 des photographes pour la r\u00e9alisation de tirages d&rsquo;art. La surface 100% coton, donne un aspect doux extrat mat \u00e0 ce poster. Le r\u00e9sultat est extr\u00eamement net et d\u00e9taill\u00e9. L&rsquo;haptique sp\u00e9ciale (toucher) de ce papier 308g\/m\u00b2 peut non seulement se voir mais aussi se sentir ! L\u00b4impression haute qualit\u00e9 permet une profondeur d&rsquo;image impressionnante qui redonne vie aux photos.<\/p>\n<p>Les posters sont vendus sans cadre.<\/p>\n<p>Dimensions : 60 x 40cm<\/p>\n","protected":false},"excerpt":{"rendered":"<p>Une journ\u00e9e d\u2019hiver.<\/p>\n<p>Blanche, givre naturelle.<\/p>\n<p>Le temps se fige.<\/p>\n","protected":false},"featured_media":13431,"template":"","meta":[],"product_cat":[26],"product_tag":[],"yoast_head":"<!-- This site is optimized with the Yoast SEO plugin v21.0 - https:\/\/yoast.com\/wordpress\/plugins\/seo\/ -->\n<title>#01 - Ma\u00eft\u00e9 Brocha<\/title>\n<meta name=\"robots\" content=\"index, follow, max-snippet:-1, max-image-preview:large, max-video-preview:-1\" \/>\n<link rel=\"canonical\" href=\"https:\/\/maitebrocha.com\/wp\/product\/1\/\" \/>\n<meta property=\"og:locale\" content=\"fr_FR\" \/>\n<meta property=\"og:type\" content=\"article\" \/>\n<meta property=\"og:title\" content=\"#01 - Ma\u00eft\u00e9 Brocha\" \/>\n<meta property=\"og:description\" content=\"Une journ\u00e9e d\u2019hiver.  Blanche, givre naturelle.  Le temps se fige.\" \/>\n<meta property=\"og:url\" content=\"https:\/\/maitebrocha.com\/wp\/product\/1\/\" \/>\n<meta property=\"og:site_name\" content=\"Ma\u00eft\u00e9 Brocha\" \/>\n<meta property=\"article:modified_time\" content=\"2022-02-11T10:56:08+00:00\" \/>\n<meta property=\"og:image\" content=\"https:\/\/maitebrocha.com\/wp\/wp-content\/uploads\/2022\/02\/1_Galerie_Cadre.jpeg\" \/>\n\t<meta property=\"og:image:width\" content=\"2048\" \/>\n\t<meta property=\"og:image:height\" content=\"2023\" \/>\n\t<meta property=\"og:image:type\" content=\"image\/jpeg\" \/>\n<meta name=\"twitter:card\" content=\"summary_large_image\" \/>\n<script type=\"application\/ld+json\" class=\"yoast-schema-graph\">{\"@context\":\"https:\/\/schema.org\",\"@graph\":[{\"@type\":\"WebPage\",\"@id\":\"https:\/\/maitebrocha.com\/wp\/product\/1\/\",\"url\":\"https:\/\/maitebrocha.com\/wp\/product\/1\/\",\"name\":\"#01 - Ma\u00eft\u00e9 Brocha\",\"isPartOf\":{\"@id\":\"http:\/\/maitebrocha.com\/wp\/#website\"},\"datePublished\":\"2022-02-09T16:48:34+00:00\",\"dateModified\":\"2022-02-11T10:56:08+00:00\",\"breadcrumb\":{\"@id\":\"https:\/\/maitebrocha.com\/wp\/product\/1\/#breadcrumb\"},\"inLanguage\":\"fr-FR\",\"potentialAction\":[{\"@type\":\"ReadAction\",\"target\":[\"https:\/\/maitebrocha.com\/wp\/product\/1\/\"]}]},{\"@type\":\"BreadcrumbList\",\"@id\":\"https:\/\/maitebrocha.com\/wp\/product\/1\/#breadcrumb\",\"itemListElement\":[{\"@type\":\"ListItem\",\"position\":1,\"name\":\"Accueil\",\"item\":\"http:\/\/maitebrocha.com\/wp\/\"},{\"@type\":\"ListItem\",\"position\":2,\"name\":\"Shop Art &#038; Posters\",\"item\":\"http:\/\/maitebrocha.com\/wp\/shop\/\"},{\"@type\":\"ListItem\",\"position\":3,\"name\":\"#01\"}]},{\"@type\":\"WebSite\",\"@id\":\"http:\/\/maitebrocha.com\/wp\/#website\",\"url\":\"http:\/\/maitebrocha.com\/wp\/\",\"name\":\"Ma\u00eft\u00e9 Brocha\",\"description\":\"\",\"potentialAction\":[{\"@type\":\"SearchAction\",\"target\":{\"@type\":\"EntryPoint\",\"urlTemplate\":\"http:\/\/maitebrocha.com\/wp\/?s={search_term_string}\"},\"query-input\":\"required name=search_term_string\"}],\"inLanguage\":\"fr-FR\"}]}<\/script>\n<!-- \/ Yoast SEO plugin. -->","yoast_head_json":{"title":"#01 - Ma\u00eft\u00e9 Brocha","robots":{"index":"index","follow":"follow","max-snippet":"max-snippet:-1","max-image-preview":"max-image-preview:large","max-video-preview":"max-video-preview:-1"},"canonical":"https:\/\/maitebrocha.com\/wp\/product\/1\/","og_locale":"fr_FR","og_type":"article","og_title":"#01 - Ma\u00eft\u00e9 Brocha","og_description":"Une journ\u00e9e d\u2019hiver.  Blanche, givre naturelle.  Le temps se fige.","og_url":"https:\/\/maitebrocha.com\/wp\/product\/1\/","og_site_name":"Ma\u00eft\u00e9 Brocha","article_modified_time":"2022-02-11T10:56:08+00:00","og_image":[{"width":2048,"height":2023,"url":"https:\/\/maitebrocha.com\/wp\/wp-content\/uploads\/2022\/02\/1_Galerie_Cadre.jpeg","type":"image\/jpeg"}],"twitter_card":"summary_large_image","schema":{"@context":"https:\/\/schema.org","@graph":[{"@type":"WebPage","@id":"https:\/\/maitebrocha.com\/wp\/product\/1\/","url":"https:\/\/maitebrocha.com\/wp\/product\/1\/","name":"#01 - Ma\u00eft\u00e9 Brocha","isPartOf":{"@id":"http:\/\/maitebrocha.com\/wp\/#website"},"datePublished":"2022-02-09T16:48:34+00:00","dateModified":"2022-02-11T10:56:08+00:00","breadcrumb":{"@id":"https:\/\/maitebrocha.com\/wp\/product\/1\/#breadcrumb"},"inLanguage":"fr-FR","potentialAction":[{"@type":"ReadAction","target":["https:\/\/maitebrocha.com\/wp\/product\/1\/"]}]},{"@type":"BreadcrumbList","@id":"https:\/\/maitebrocha.com\/wp\/product\/1\/#breadcrumb","itemListElement":[{"@type":"ListItem","position":1,"name":"Accueil","item":"http:\/\/maitebrocha.com\/wp\/"},{"@type":"ListItem","position":2,"name":"Shop Art &#038; Posters","item":"http:\/\/maitebrocha.com\/wp\/shop\/"},{"@type":"ListItem","position":3,"name":"#01"}]},{"@type":"WebSite","@id":"http:\/\/maitebrocha.com\/wp\/#website","url":"http:\/\/maitebrocha.com\/wp\/","name":"Ma\u00eft\u00e9 Brocha","description":"","potentialAction":[{"@type":"SearchAction","target":{"@type":"EntryPoint","urlTemplate":"http:\/\/maitebrocha.com\/wp\/?s={search_term_string}"},"query-input":"required name=search_term_string"}],"inLanguage":"fr-FR"}]}},"_links":{"self":[{"href":"https:\/\/maitebrocha.com\/wp\/wp-json\/wp\/v2\/product\/13430"}],"collection":[{"href":"https:\/\/maitebrocha.com\/wp\/wp-json\/wp\/v2\/product"}],"about":[{"href":"https:\/\/maitebrocha.com\/wp\/wp-json\/wp\/v2\/types\/product"}],"wp:featuredmedia":[{"embeddable":true,"href":"https:\/\/maitebrocha.com\/wp\/wp-json\/wp\/v2\/media\/13431"}],"wp:attachment":[{"href":"https:\/\/maitebrocha.com\/wp\/wp-json\/wp\/v2\/media?parent=13430"}],"wp:term":[{"taxonomy":"product_cat","embeddable":true,"href":"https:\/\/maitebrocha.com\/wp\/wp-json\/wp\/v2\/product_cat?post=13430"},{"taxonomy":"product_tag","embeddable":true,"href":"https:\/\/maitebrocha.com\/wp\/wp-json\/wp\/v2\/product_tag?post=13430"}],"curies":[{"name":"wp","href":"https:\/\/api.w.org\/{rel}","templated":true}]}}